{"id":13,"date":"2020-04-24T11:30:07","date_gmt":"2020-04-24T11:30:07","guid":{"rendered":"https:\/\/webdata.uber.space\/uf\/?page_id=13"},"modified":"2020-04-24T14:15:32","modified_gmt":"2020-04-24T14:15:32","slug":"person","status":"publish","type":"page","link":"https:\/\/webdata.uber.space\/uf\/?page_id=13","title":{"rendered":"Person"},"content":{"rendered":"\n<p><strong>Name: Ulrich Fa\u00dfnacht<br><br>Geburtsdatum: 10.5.1981<br><br>Geburtsort: M\u00fcnster<br><br>Nationalit\u00e4t: Deutsch<br><br>Gr\u00f6\u00dfe: 1,78m<br><br>Haarfarbe: Braun<br><br>Augenfarbe: Braun<br><br>Konfektionsgr\u00f6\u00dfe: 46\/48<br><br>Steuerlicher Wohnsitz: Berlin<br><br>Wohnort: Berlin-Friedrichshain<br><br>Wohnm\u00f6glichkeiten: Hamburg, K\u00f6ln, M\u00fcnster, Hannover, Bremen, W\u00fcrzburg, Cuxhaven, Rom, Bologna<br><br>Sprachen: Deutsch (muttersprachlich), Englisch (flie\u00dfend), Italienisch (Grundkenntnisse)<br><br>Dialekte: Norddeutsch<br><br>Sport: Schwimmen (Bronze), Ski fahren (Grundkenntnisse)<br><br>Tanzkenntnisse: Standardtanz (Grundkenntnisse)<br><br>Gesangskenntnisse: Punk, Kindermusical<br><br>Stimmlage: Bass<br><br>Weitere F\u00e4higkeiten: Synchronerfahrung, Green Screenerfahrung, S\u00e4nger in div. Punkbands<br><br>Schauspielausbildung: 2004-2008 Theaterakademie K\u00f6ln<\/strong><\/p>\n\n\n\n<p><strong><a href=\"https:\/\/webdata.uber.space\/uf\/wp-content\/uploads\/2020\/04\/Ulrich_Fa%C3%9Fnacht_Vita.pdf\" target=\"_blank\" rel=\"noreferrer noopener\">Download Vita (PDF)<\/a><\/strong><\/p>\n","protected":false},"excerpt":{"rendered":"<p>Name: Ulrich Fa\u00dfnacht Geburtsdatum: 10.5.1981 Geburtsort: M\u00fcnster Nationalit\u00e4t: Deutsch Gr\u00f6\u00dfe: 1,78m Haarfarbe: Braun Augenfarbe: Braun Konfektionsgr\u00f6\u00dfe: 46\/48 Steuerlicher Wohnsitz: Berlin Wohnort: Berlin-Friedrichshain Wohnm\u00f6glichkeiten: Hamburg, K\u00f6ln, M\u00fcnster, Hannover, Bremen, W\u00fcrzburg, Cuxhaven, Rom, Bologna Sprachen: Deutsch (muttersprachlich), Englisch (flie\u00dfend), Italienisch (Grundkenntnisse) Dialekte: Norddeutsch Sport: Schwimmen (Bronze), Ski fahren (Grundkenntnisse) Tanzkenntnisse: Standardtanz (Grundkenntnisse) Gesangskenntnisse: Punk, Kindermusical Stimmlage: Bass [&hellip;]<\/p>\n","protected":false},"author":1,"featured_media":0,"parent":0,"menu_order":0,"comment_status":"closed","ping_status":"closed","template":"","meta":{"ngg_post_thumbnail":0},"_links":{"self":[{"href":"https:\/\/webdata.uber.space\/uf\/index.php?rest_route=\/wp\/v2\/pages\/13"}],"collection":[{"href":"https:\/\/webdata.uber.space\/uf\/index.php?rest_route=\/wp\/v2\/pages"}],"about":[{"href":"https:\/\/webdata.uber.space\/uf\/index.php?rest_route=\/wp\/v2\/types\/page"}],"author":[{"embeddable":true,"href":"https:\/\/webdata.uber.space\/uf\/index.php?rest_route=\/wp\/v2\/users\/1"}],"replies":[{"embeddable":true,"href":"https:\/\/webdata.uber.space\/uf\/index.php?rest_route=%2Fwp%2Fv2%2Fcomments&post=13"}],"version-history":[{"count":3,"href":"https:\/\/webdata.uber.space\/uf\/index.php?rest_route=\/wp\/v2\/pages\/13\/revisions"}],"predecessor-version":[{"id":147,"href":"https:\/\/webdata.uber.space\/uf\/index.php?rest_route=\/wp\/v2\/pages\/13\/revisions\/147"}],"wp:attachment":[{"href":"https:\/\/webdata.uber.space\/uf\/index.php?rest_route=%2Fwp%2Fv2%2Fmedia&parent=13"}],"curies":[{"name":"wp","href":"https:\/\/api.w.org\/{rel}","templated":true}]}}