{"id":18,"date":"2020-04-24T11:50:11","date_gmt":"2020-04-24T11:50:11","guid":{"rendered":"https:\/\/webdata.uber.space\/uf\/?page_id=18"},"modified":"2025-06-23T09:15:47","modified_gmt":"2025-06-23T09:15:47","slug":"18-2","status":"publish","type":"page","link":"https:\/\/webdata.uber.space\/uf\/","title":{"rendered":""},"content":{"rendered":"<div class=\"wp-block-image\">\n<figure class=\"alignright size-large is-resized\"><img loading=\"lazy\" src=\"https:\/\/webdata.uber.space\/uf\/wp-content\/uploads\/2020\/11\/uli3.jpg\" alt=\"\" class=\"wp-image-90\" width=\"283\" height=\"847\" srcset=\"https:\/\/webdata.uber.space\/uf\/wp-content\/uploads\/2020\/11\/uli3.jpg 292w, https:\/\/webdata.uber.space\/uf\/wp-content\/uploads\/2020\/11\/uli3-100x300.jpg 100w\" sizes=\"(max-width: 283px) 100vw, 283px\" \/><figcaption>binary comment<\/figcaption><\/figure><\/div>\n\n\n<p><strong>MEINE AKTUELLEN PROJEKTE:<\/strong><\/p>\n\n\n\n<p>Mein Auftritt im  &#8220;Tatort: Letzte Ernte&#8221; wird im Sommer 2025 ausgestrahlt.<\/p>\n\n\n\n<p>F\u00fcr die Spielzeit 24\/25 bin ich Festes Ensemblemitglied des jungen Schauspiels am Stadttheater Bremerhaven<\/p>\n\n\n\n<p>In Episode 2 der Comedy Show &#8220;Jokah &amp; Tutty&#8221; bin ich als neben Herbert Knaup als trotteliger Recke zu sehen. (Regie: Michael Starkl, Casting: Emrah Ertem)<\/p>\n\n\n\n<p>In dem Weihnachtsfilm &#8220;Ein Regenbogen zu Weihnachten&#8221; darf ich Jasmin Gerat in der Er\u00f6ffnungssequenz die Meinung geigen. (Regie: Esther Gronenborn, Cast: Uwe B\u00fcnker)<\/p>\n\n\n\n<p>Mein Kurzfilm &#8220;Circle of Life&#8221; ist abgedreht und wird nun auf Festivals eingereicht.<\/p>\n\n\n\n<p class=\"has-text-align-left\">Meine Regiedebut &#8220;The Killing Joke&#8221; gibt es hier: <\/p>\n\n\n\n<div class=\"wp-container-1 wp-block-group\"><div class=\"wp-block-group__inner-container\">\n<figure><iframe loading=\"lazy\" src=\"https:\/\/www.youtube.com\/embed\/yrin4mWrc0w\" allowfullscreen=\"\" width=\"440\" height=\"315\"><\/iframe><\/figure>\n<\/div><\/div>\n\n\n\n<p><\/p>\n\n\n\n<p class=\"has-text-align-left\">Frisch abgedreht ist &#8220;Intriga&#8221; ein deutsch\/russischer Kurzfilm, f\u00fcr den ich das Drehbuch geschrieben habe. Regie f\u00fchrte Julian Sch\u00f6neich <\/p>\n\n\n\n<p>ANZEIGE IST RAUS! &#8211; Im Abschlussfilm &#8220;Ab nach Hause&#8221; von Regina Wiebe und Victor Kunze spiele ich den Polizeiobermeister Daniel Kuhlinski. Seinerzeit mit einem Lied von Bonney M. geehrt, welches euch als Danny Kuhl bekannt sein d\u00fcrfte.<\/p>\n\n\n\n<p><\/p>\n\n\n\n<p>Der 48 &#8211; Stunden Kurzfilm &#8220;Killerm\u00f6we aus dem All&#8221; feierte auf dem Klappe Kurzfilmfestival in Bremen Premiere. Ein Science Fiction-Trash-Horror-Western und eine gro\u00dfe Verneigung vor Filmen wie &#8220;Bad Taste&#8221; und &#8220;Predator&#8221;.<\/p>\n\n\n\n<p><\/p>\n\n\n\n<p><\/p>\n\n\n\n<p>Kurz vorm Lockdown hatte ich noch einen kleinen Auftritt in Sebastian Meises neuem Film: Die gro\u00dfe Freiheit. Ihr d\u00fcrft gespannt sein.<\/p>\n","protected":false},"excerpt":{"rendered":"<p>MEINE AKTUELLEN PROJEKTE: Mein Auftritt im &#8220;Tatort: Letzte Ernte&#8221; wird im Sommer 2025 ausgestrahlt. F\u00fcr die Spielzeit 24\/25 bin ich Festes Ensemblemitglied des jungen Schauspiels am Stadttheater Bremerhaven In Episode 2 der Comedy Show &#8220;Jokah &amp; Tutty&#8221; bin ich als neben Herbert Knaup als trotteliger Recke zu sehen. (Regie: Michael Starkl, Casting: Emrah Ertem) In [&hellip;]<\/p>\n","protected":false},"author":1,"featured_media":0,"parent":0,"menu_order":0,"comment_status":"closed","ping_status":"closed","template":"","meta":{"ngg_post_thumbnail":0},"_links":{"self":[{"href":"https:\/\/webdata.uber.space\/uf\/index.php?rest_route=\/wp\/v2\/pages\/18"}],"collection":[{"href":"https:\/\/webdata.uber.space\/uf\/index.php?rest_route=\/wp\/v2\/pages"}],"about":[{"href":"https:\/\/webdata.uber.space\/uf\/index.php?rest_route=\/wp\/v2\/types\/page"}],"author":[{"embeddable":true,"href":"https:\/\/webdata.uber.space\/uf\/index.php?rest_route=\/wp\/v2\/users\/1"}],"replies":[{"embeddable":true,"href":"https:\/\/webdata.uber.space\/uf\/index.php?rest_route=%2Fwp%2Fv2%2Fcomments&post=18"}],"version-history":[{"count":16,"href":"https:\/\/webdata.uber.space\/uf\/index.php?rest_route=\/wp\/v2\/pages\/18\/revisions"}],"predecessor-version":[{"id":157,"href":"https:\/\/webdata.uber.space\/uf\/index.php?rest_route=\/wp\/v2\/pages\/18\/revisions\/157"}],"wp:attachment":[{"href":"https:\/\/webdata.uber.space\/uf\/index.php?rest_route=%2Fwp%2Fv2%2Fmedia&parent=18"}],"curies":[{"name":"wp","href":"https:\/\/api.w.org\/{rel}","templated":true}]}}