{"id":27,"date":"2020-04-24T12:33:47","date_gmt":"2020-04-24T12:33:47","guid":{"rendered":"https:\/\/webdata.uber.space\/uf\/?page_id=27"},"modified":"2023-12-07T06:40:54","modified_gmt":"2023-12-07T06:40:54","slug":"vita","status":"publish","type":"page","link":"https:\/\/webdata.uber.space\/uf\/?page_id=27","title":{"rendered":"Vita"},"content":{"rendered":"\n<p><strong><a href=\"https:\/\/www.castforward.de\/gateway\/printPage.php?page=profile\/ulrich-fassnacht\" target=\"_blank\" rel=\"noreferrer noopener\">Download Vita (PDF<\/a><a href=\"https:\/\/www.castforward.de\/gateway\/printPage.php?page=profile\/ulrich-fassnachthttps:\/\/webdata.uber.space\/uf\/wp-content\/uploads\/2020\/04\/Ulrich_Fa\u00dfnacht_Vita.pdf\" target=\"_blank\" rel=\"noreferrer noopener\">)<\/a><\/strong><\/p>\n\n\n\n<p><strong>Filmproduktionen:<\/strong><\/p>\n\n\n\n<p><strong><strong>2023<\/strong><br><\/strong>Jens Kerbel &#8211; Das doppelte Lottchen Rolle: Ludwig Palfy \/ Chris (Stadttheater Bremerhaven)<br>Sydney Mikoc &#8211; Glanz Rolle: Ray (Stadttheater Bremerhaven)<br>Bahram Moradi -Kami Baptism Rolle: Mann (HR\/Kurzfim)<br>Esther Gronenborn &#8211; Ein Regenbogen zu Weihnachten Rolle: Passagier (NR\/Spielfilm ZDF) <br>Michael Starkl &#8211; Jokah &amp; Tutty Staffel 1 Rolle: Sir Jonathan (HR\/Serie Amazon Freevee)<br>Evelina Witt &#8211; Abuha Rolle: Frauenarzt (NR\/Kino)<br>Ulrich Fa\u00dfnacht &#8211; Circle of Life Rolle: Hagen (HR\/Kurzfilm)<\/p>\n\n\n\n<p><strong><strong>2022<\/strong><br><\/strong>folgt<\/p>\n\n\n\n<p><strong><strong>2021<\/strong><br><\/strong>folgt<\/p>\n\n\n\n<p><strong><strong>2020<\/strong><br><\/strong>Ulrich Fa\u00dfnacht  &#8211; Hacki und Dietmar Rolle: Hacki (HR\/Webserie)  <br>Victor Kunze &#8211; Ab nach Hause Rolle: Daniel Kuhlinski (NR\/Kino)<br>Friederike Becker &#8211; Killerm\u00f6we aus dem All Rolle: Schn\u00f6sel (HR\/Kurzfilm)<br>Julian Sch\u00f6neich &#8211; Intriga Rolle: Kurt Wollmershorst (HR\/Kurzfilm)<br>Sebastian Meise &#8211; Die gro\u00dfe Freiheit Rolle: Sanit\u00e4rraumw\u00e4rter (NR\/Kino)<br><\/p>\n\n\n\n<p><\/p>\n\n\n\n<p><br><strong>2019<\/strong><br>Cedar D. Wolf &#8211; Razzmatazz Rolle: Marco (HR\/Kino)<br>Friederike Becker &#8211; Der schreckliche Fantasme Rolle: Der Moderator(HR\/Kurzfilm)<\/p>\n\n\n\n<p><strong>2018<\/strong><br>Ingo Rasper &#8211; Meine Nachbarn mit dem dicken Hund Rolle: Punkchef (NR\/ARD)<br>Dmitriy Borysenko &#8211; Knockmatt Rolle: Jesus Christus (HR\/Kurzfilm)<br>Cedar D. Wolf &#8211; Insomnambulists Rolle: Timo Driese (HR\/Kurzfilm)<\/p>\n\n\n\n<p><strong>2017<\/strong><br>Huan Vu &#8211; Eternal War Rolle: Private Noctus (TR\/Kurzfilm)<br>Chirus Gruder\/Ruben Meier &#8211; 16&#215;3 Rolle: Handwerker (TR\/Kino)<br>Malte Wirtz &#8211; Voll Rita! Rolle: Randolf (HR\/Kino)<\/p>\n\n\n\n<p><strong>2016<\/strong><br>Conny Dohrn &#8211; Gute Zeiten, schlechte Zeiten Rolle: Maik Wollnitz (Episoden NR\/RTL)<br>Lars Kraume &#8211; Der K\u00f6nig von Berlin Rolle: Lieferant (NR\/RBB)<br>Axel De Roche &#8211; Immer sachte mit den jungen Pferden Rolle: Francesco Beltraci (HR\/Kurzfilm)<\/p>\n\n\n\n<p><strong>2015<\/strong><br>Erhan Emre &#8211; Berlin Neustadt Rolle:Jugendamt Mitarbeiter #1 (NR\/Kino)<br>Oren Schmuckler &#8211; Notruf Hafenkante: Morgenland Rolle: Alfi Franzen (NR\/ZDF)<br>Cedar D. Wolf &#8211; Minus x Minus Rolle:Iannis (HR\/Serien-Pilot)<\/p>\n\n\n\n<p><strong>2014<\/strong><br>Maria Hengge -Sin + Illy still alive Rolle: Leon (NR\/Kino)<br>Malte Wirtz &#8211; Voll Paula Rolle: Randolf (HR\/Kino)<\/p>\n\n\n\n<p><strong>2013<\/strong><br>Gonzalo Arilla &#8211; M\/W Rolle: Wadim (HR\/Mittellanger Film)<\/p>\n\n\n\n<p><strong>2012<\/strong><br>Valentin Oellers &#8211; Einmal Ostsee und zur\u00fcck &#8211; Rolle: Martin (HR\/Kurzfilm)<\/p>\n\n\n\n<p><strong>2011<\/strong><br>Christian Warstat &#8211; Monsters &#8211; Rolle: Guy on the junkyard (HR\/Musikvideo)<br>Michael Maas &#8211; Ich kauf dir ein Schloss &#8211; Rolle: Marcel (HR\/Mittellanger Film)<br>Tom Kornis &#8211; Der W\u00e4chter &#8211; Rolle: W\u00e4chter (HR\/Kurzfilm)<\/p>\n\n\n\n<p><strong>2010<\/strong><br>Smina Bluth + Ofir Raul Grazier &#8211; Hinter dem See &#8211; Rolle: Frank (NR\/Kurzfilm)<br>Tarek Ehlail &#8211; Gegengerade &#8211; Rolle: Nazi (NR\/Kinofilm)<br>Julian von Hopffgarten &#8211; Digitaler Vandalismus Rolle: Kay (HR\/Kurzfilm)<br>Christoph Schulte \u2013 offen sichtlich Rolle: Jan (HR\/Kurzfilm)<\/p>\n\n\n\n<p><strong>2009<\/strong><br>Tarek Ehlail \u2013 Chaostage Rolle: Didi (HR\/Kino)<\/p>\n\n\n\n<p><strong>2008<\/strong><br>Georg Tasch \u2013 2 ZKB \u2013 Im Zimmer regnet es nie Rolle: Tim (HR\/Spielfilm)<br>Kim Venus \u2013 Chinese Whispers Rolle: Dennis (NR\/Kurzfilm)<br>Lydia Franziska Bineas \u2013 Kehrtwende Rolle: Gast (NR\/Kurzfilm)<br>Casting-Show \u201eBully sucht die starken M\u00e4nner\u201c &amp; dem daraus entstehenden 2 Wochen Intensiv-Workshop<\/p>\n\n\n\n<p><strong>2007<\/strong><br>Destroyproductions \u2013 Kollegah \u2013 Ein Junge weint hier nicht Rolle: Dealer (NR\/Musikvideo)<\/p>\n\n\n\n<p><strong>2006<\/strong><br>David Koch \u2013 Keller Party Rolle: Andr\u00e9 (HR\/Kurzfilm)<\/p>\n\n\n\n<p><strong>2005<\/strong><br>Tine Barkmann &#8211; Hochwesen &#8211; Rolle: Mann (HR\/Kurzfilm)<br>Choere Fischer &#8211; Gl\u00fchwurm 1 &#8211; Rolle: Penner (NR\/Kurzfilm)<\/p>\n\n\n\n<p><strong>Theaterproduktionen:<\/strong><\/p>\n\n\n\n<p><strong>2010<\/strong><br>Sandra Kuoba \u2013 Perspektive Bahnhof Zoo Rolle: Frank<\/p>\n\n\n\n<p><strong>2009<\/strong><br>Jan Ericson \u2013 Herren Rolle: Stefan Riemer<\/p>\n\n\n\n<p>Sandra Kuoba \u2013 Perspektive Bahnhof Zoo Rolle: Frank<\/p>\n\n\n\n<p><strong>2008<\/strong><br>Jan Ericson \u2013 Herren Rolle: Stefan Riemer<\/p>\n\n\n\n<p>Lars Zastrow \u2013 Der Raub von Europa Rolle: Pedro<\/p>\n\n\n\n<p><strong>2007<\/strong><br>George F. Walker \u2013 Problemkind + Genie und Verbrechen Rollen: R.J.Reynolds, Stevie<\/p>\n\n\n\n<p>Wolfram Fuchs &#8211; Die Hexe Lilly \u2013 Das Musical Rollen: Pirat Deasaforado, Crocodillio + Papagei<\/p>\n\n\n\n<p><strong>2006<\/strong><br>Thorvaldur Thorsteinsson \u2013 And Bj\u00f6rk, of course Rolle: Hans<\/p>\n\n\n\n<p>Melanie Franke &#8211; Vom Chaos zum Welterfolg &#8211; Rolle: Bertholt Brecht<\/p>\n\n\n\n<p>Gregor Weber &#8211; Room Service 5 &#8211; Rolle: Pilot<\/p>\n\n\n\n<p><strong>2005<\/strong><br>Anja Mundig &#8211; Einstein und die Frauen &#8211; Rolle: Albert Einstein<\/p>\n\n\n\n<p>Sibylle Berg &#8211; Helges Leben &#8211; Rolle: Erzengel Michael<\/p>\n\n\n\n<p>Erlebnisstheater zur Er\u00f6ffnung der &#8220;Zoom Erlebnisswelt&#8221; Gelsenkirchen &#8211; Rolle: Lachs-Trapper<\/p>\n\n\n\n<p><strong>Fortbildungen:<\/strong><\/p>\n\n\n\n<p>Christian Gillmann &#8211; Film und Kamera Acting<br>Mark Zakk &#8211; Film und Kamera Acting<br>Joseph Orr \u2013 \u201eReaktion und Reduktion\u201c \u201eKomik durch Reduktion\u201c Kameraworkshops<br>Emmanuel Zimmermann \u2013 Mikrophonsprechen<br>Ide L\u00f6ddige \u2013 Synchronsprechen<br>Petra Gallasch \u2013 Acting Training<br>Marius Jung \u2013 Comedy Workshop<br>2 Wochen Schauspiel Workshop im Rahmen der Casting-Show \u201cBully sucht die starken M\u00e4nner\u201d<\/p>\n\n\n\n<p><strong><a href=\"https:\/\/webdata.uber.space\/uf\/wp-content\/uploads\/2020\/04\/Ulrich_Fa\u00dfnacht_Vita.pdf\" target=\"_blank\" rel=\"noreferrer noopener\">Download Vita (PDF)<\/a><\/strong><\/p>\n","protected":false},"excerpt":{"rendered":"<p>Download Vita (PDF) Filmproduktionen: 2023Jens Kerbel &#8211; Das doppelte Lottchen Rolle: Ludwig Palfy \/ Chris (Stadttheater Bremerhaven)Sydney Mikoc &#8211; Glanz Rolle: Ray (Stadttheater Bremerhaven)Bahram Moradi -Kami Baptism Rolle: Mann (HR\/Kurzfim)Esther Gronenborn &#8211; Ein Regenbogen zu Weihnachten Rolle: Passagier (NR\/Spielfilm ZDF) Michael Starkl &#8211; Jokah &amp; Tutty Staffel 1 Rolle: Sir Jonathan (HR\/Serie Amazon Freevee)Evelina Witt [&hellip;]<\/p>\n","protected":false},"author":1,"featured_media":0,"parent":0,"menu_order":0,"comment_status":"closed","ping_status":"closed","template":"","meta":{"ngg_post_thumbnail":0},"_links":{"self":[{"href":"https:\/\/webdata.uber.space\/uf\/index.php?rest_route=\/wp\/v2\/pages\/27"}],"collection":[{"href":"https:\/\/webdata.uber.space\/uf\/index.php?rest_route=\/wp\/v2\/pages"}],"about":[{"href":"https:\/\/webdata.uber.space\/uf\/index.php?rest_route=\/wp\/v2\/types\/page"}],"author":[{"embeddable":true,"href":"https:\/\/webdata.uber.space\/uf\/index.php?rest_route=\/wp\/v2\/users\/1"}],"replies":[{"embeddable":true,"href":"https:\/\/webdata.uber.space\/uf\/index.php?rest_route=%2Fwp%2Fv2%2Fcomments&post=27"}],"version-history":[{"count":12,"href":"https:\/\/webdata.uber.space\/uf\/index.php?rest_route=\/wp\/v2\/pages\/27\/revisions"}],"predecessor-version":[{"id":154,"href":"https:\/\/webdata.uber.space\/uf\/index.php?rest_route=\/wp\/v2\/pages\/27\/revisions\/154"}],"wp:attachment":[{"href":"https:\/\/webdata.uber.space\/uf\/index.php?rest_route=%2Fwp%2Fv2%2Fmedia&parent=27"}],"curies":[{"name":"wp","href":"https:\/\/api.w.org\/{rel}","templated":true}]}}