{"id":41,"date":"2020-04-24T14:06:00","date_gmt":"2020-04-24T14:06:00","guid":{"rendered":"https:\/\/webdata.uber.space\/uf\/?page_id=41"},"modified":"2020-04-24T14:06:00","modified_gmt":"2020-04-24T14:06:00","slug":"links","status":"publish","type":"page","link":"https:\/\/webdata.uber.space\/uf\/?page_id=41","title":{"rendered":"Links"},"content":{"rendered":"\n<p><a rel=\"noreferrer noopener\" href=\"http:\/\/www.imdb.com\/name\/nm2877820\/?ref_=nv_sr_srsg_0\" target=\"_blank\">Ulrich Fa\u00dfnacht bei IMDb<\/a><br><a rel=\"noreferrer noopener\" href=\"https:\/\/filmmakers.de\/ulrich-fassnacht\" target=\"_blank\">Ulrich Fa\u00dfnacht bei Filmmakers<\/a><br><a rel=\"noreferrer noopener\" href=\"http:\/\/www.schauspielervideos.de\/fullprofile\/schauspieler-ulrich-fassnacht.html\" target=\"_blank\">Ulrich Fa\u00dfnacht bei Schauspielervideos<\/a><br><a rel=\"noreferrer noopener\" href=\"http:\/\/www.castforward.de\/members\/profile\/ulrich-fassnacht\" target=\"_blank\">Ulrich Fa\u00dfnacht bei Castforward<\/a><br><a rel=\"noreferrer noopener\" href=\"http:\/\/www.castupload.com\/actors\/ulrich-fassnacht\" target=\"_blank\">Ulrich Fa\u00dfnacht bei Castupload<\/a><br><a rel=\"noreferrer noopener\" href=\"http:\/\/www.facebook.com\/Ulrich.Fassnacht\" target=\"_blank\">Ulrich Fa\u00dfnacht bei Facebook<\/a><br><a rel=\"noreferrer noopener\" href=\"http:\/\/www.instagram.com\/ulrichfassnacht\" target=\"_blank\">Ulrich Fa\u00dfnacht bei Instagram<\/a><br><a rel=\"noreferrer noopener\" href=\"http:\/\/abadonproduction.com\/\" target=\"_blank\">Abadon Production (Sin &amp; Illy still alive)<\/a><br><a rel=\"noreferrer noopener\" href=\"https:\/\/choreahuntington.bandcamp.com\/album\/ost-sin-illy-still-alive\" target=\"_blank\">Sin &amp; Illay still alive &#8211; Soundtrack<\/a><br><a rel=\"noreferrer noopener\" href=\"http:\/\/www.ua-film.com\/\" target=\"_blank\">Unfiltered Artists (Voll Paula! \/ Voll Rita!)<\/a><br><a rel=\"noreferrer noopener\" href=\"http:\/\/www.sabotakt.com\" target=\"_blank\">Sabotakt-Filme (Chaostage\/Gegengerade)<\/a><br><a rel=\"noreferrer noopener\" href=\"http:\/\/www.theaterakademie-koeln.de\" target=\"_blank\">Theaterakademie K\u00f6ln<\/a><br><a rel=\"noreferrer noopener\" href=\"http:\/\/www.auweia.bandcamp.com\/\" target=\"_blank\">Auweia!<\/a><br><\/p>\n","protected":false},"excerpt":{"rendered":"<p>Ulrich Fa\u00dfnacht bei IMDbUlrich Fa\u00dfnacht bei FilmmakersUlrich Fa\u00dfnacht bei SchauspielervideosUlrich Fa\u00dfnacht bei CastforwardUlrich Fa\u00dfnacht bei CastuploadUlrich Fa\u00dfnacht bei FacebookUlrich Fa\u00dfnacht bei InstagramAbadon Production (Sin &amp; Illy still alive)Sin &amp; Illay still alive &#8211; SoundtrackUnfiltered Artists (Voll Paula! \/ Voll Rita!)Sabotakt-Filme (Chaostage\/Gegengerade)Theaterakademie K\u00f6lnAuweia!<\/p>\n","protected":false},"author":1,"featured_media":0,"parent":0,"menu_order":0,"comment_status":"closed","ping_status":"closed","template":"","meta":{"ngg_post_thumbnail":0},"_links":{"self":[{"href":"https:\/\/webdata.uber.space\/uf\/index.php?rest_route=\/wp\/v2\/pages\/41"}],"collection":[{"href":"https:\/\/webdata.uber.space\/uf\/index.php?rest_route=\/wp\/v2\/pages"}],"about":[{"href":"https:\/\/webdata.uber.space\/uf\/index.php?rest_route=\/wp\/v2\/types\/page"}],"author":[{"embeddable":true,"href":"https:\/\/webdata.uber.space\/uf\/index.php?rest_route=\/wp\/v2\/users\/1"}],"replies":[{"embeddable":true,"href":"https:\/\/webdata.uber.space\/uf\/index.php?rest_route=%2Fwp%2Fv2%2Fcomments&post=41"}],"version-history":[{"count":1,"href":"https:\/\/webdata.uber.space\/uf\/index.php?rest_route=\/wp\/v2\/pages\/41\/revisions"}],"predecessor-version":[{"id":42,"href":"https:\/\/webdata.uber.space\/uf\/index.php?rest_route=\/wp\/v2\/pages\/41\/revisions\/42"}],"wp:attachment":[{"href":"https:\/\/webdata.uber.space\/uf\/index.php?rest_route=%2Fwp%2Fv2%2Fmedia&parent=41"}],"curies":[{"name":"wp","href":"https:\/\/api.w.org\/{rel}","templated":true}]}}